{"id":152,"date":"2013-11-20T17:28:12","date_gmt":"2013-11-20T15:28:12","guid":{"rendered":"http:\/\/k-market-nagu.fi\/kmn2013\/?page_id=152"},"modified":"2023-10-24T15:03:54","modified_gmt":"2023-10-24T12:03:54","slug":"online-store","status":"publish","type":"page","link":"https:\/\/k-market-nagu.fi\/en\/online-store\/","title":{"rendered":"Online Store"},"content":{"rendered":"\n<div class=\"wp-block-uagb-container uagb-block-cc184ef0 alignfull uagb-is-root-container\"><div class=\"uagb-container-inner-blocks-wrap\">\n<div class=\"wp-block-uagb-container uagb-block-88a2e10e\">\n<h1 class=\"wp-block-heading\">Online Store &amp; Deliveries<\/h1>\n\n\n\n<p>Through the&nbsp;<a href=\"https:\/\/www.k-ruoka.fi\/kauppa\/k-market-nagu\" target=\"_blank\" rel=\"noreferrer noopener\">online store<\/a>&nbsp;you can order your goods either delivered home or for collection from the store. If the online store is down, orders can also be made by phone, 020 7931150 or by email&nbsp;<strong>mikael.eklund [at] k-market.com<\/strong>.<\/p>\n\n\n\n<div class=\"wp-block-buttons is-layout-flex wp-block-buttons-is-layout-flex\">\n<div class=\"wp-block-button\"><a class=\"wp-block-button__link wp-element-button\" href=\"https:\/\/www.k-ruoka.fi\/kauppa\/k-market-nagu\" target=\"_blank\" rel=\"noreferrer noopener\">To The Online Store<\/a><\/div>\n<\/div>\n\n\n\n<p><br>We do not deliver goods behind ferries. We deliver to the connecting boat M\/S Falk\u00f6 according to the instructions below. The customer is responsible for checking the ferry\u2019s timetable as well as booking the tour if required. The shop is responsible for the goods until they are loaded onto the boat.<\/p>\n\n\n\n<p>Pick-up from the store 6.90 \u20ac or 4.90 \u20ac with K-Plus card.<br>Home delivery costs 10,90 \u20ac and must be booked 24h before delivery.&nbsp;<\/p>\n\n\n\n<p>Download the&nbsp;<a rel=\"noreferrer noopener\" href=\"https:\/\/www.k-ruoka.fi\/artikkelit\/sovellus\/mobiilisovellus\" target=\"_blank\">K-Ruoka-app<\/a>&nbsp;and you\u2019ll reach the shop directly from your phone!<\/p>\n<\/div>\n\n\n\n<div class=\"wp-block-uagb-container uagb-block-504f71c4\">\n<figure class=\"wp-block-image size-large\"><a href=\"https:\/\/k-market-nagu.fi\/wp-content\/uploads\/2023\/06\/natbutik-leveranser-1024x768.jpg\"><img decoding=\"async\" width=\"1024\" height=\"768\" src=\"https:\/\/k-market-nagu.fi\/wp-content\/uploads\/2023\/06\/natbutik-leveranser-1024x768.jpg\" alt=\"\" class=\"wp-image-1149\" srcset=\"https:\/\/k-market-nagu.fi\/wp-content\/uploads\/2023\/06\/natbutik-leveranser-1024x768.jpg 1024w, https:\/\/k-market-nagu.fi\/wp-content\/uploads\/2023\/06\/natbutik-leveranser-300x225.jpg 300w, https:\/\/k-market-nagu.fi\/wp-content\/uploads\/2023\/06\/natbutik-leveranser-768x576.jpg 768w, https:\/\/k-market-nagu.fi\/wp-content\/uploads\/2023\/06\/natbutik-leveranser-1536x1152.jpg 1536w, https:\/\/k-market-nagu.fi\/wp-content\/uploads\/2023\/06\/natbutik-leveranser.jpg 1920w\" sizes=\"(max-width: 1024px) 100vw, 1024px\" \/><\/a><\/figure>\n<\/div>\n<\/div><\/div>\n\n\n\n<div class=\"wp-block-uagb-container uagb-block-d07cad19 alignfull uagb-is-root-container\"><div class=\"uagb-container-inner-blocks-wrap\">\n<h3 class=\"wp-block-heading has-text-align-center\"><strong><strong>COMMUTER VESSELS<\/strong><\/strong><\/h3>\n\n\n\n<p class=\"has-text-align-center\">We deliver to the connecting boats M\/S Innamo, M\/S Falk\u00f6 and M\/S Ut\u00f6 according to the instructions below. Orders are placed via the online store. The customer is responsible for checking the ferry&#8217;s timetable and booking a trip if required. The store is responsible for the goods until they have been loaded onto the boat.<\/p>\n<\/div><\/div>\n\n\n\n<div class=\"wp-block-uagb-container uagb-block-0ed165d4 alignfull uagb-is-root-container\"><div class=\"uagb-container-inner-blocks-wrap\">\n<div class=\"wp-block-uagb-container uagb-block-3a377adc\">\n<div class=\"wp-block-uagb-info-box uagb-block-51534441 uagb-infobox__content-wrap  uagb-infobox-icon-above-title uagb-infobox-image-valign-top\"><div class=\"uagb-ifb-content\"><div class=\"uagb-ifb-icon-wrap\"><svg xmlns=\"https:\/\/www.w3.org\/2000\/svg\" viewBox=\"0 0 576 512\"><path d=\"M192 32C192 14.33 206.3 0 224 0H352C369.7 0 384 14.33 384 32V64H432C458.5 64 480 85.49 480 112V240L524.4 254.8C547.6 262.5 553.9 292.3 535.9 308.7L434.9 401.4C418.7 410.7 400.2 416.5 384 416.5C364.4 416.5 343.2 408.8 324.8 396.1C302.8 380.6 273.3 380.6 251.2 396.1C234 407.9 213.2 416.5 192 416.5C175.8 416.5 157.3 410.7 141.1 401.3L40.09 308.7C22.1 292.3 28.45 262.5 51.59 254.8L96 239.1V111.1C96 85.49 117.5 63.1 144 63.1H192V32zM160 218.7L267.8 182.7C280.9 178.4 295.1 178.4 308.2 182.7L416 218.7V128H160V218.7zM384 448C410.9 448 439.4 437.2 461.4 421.9L461.5 421.9C473.4 413.4 489.5 414.1 500.7 423.6C515 435.5 533.2 444.6 551.3 448.8C568.5 452.8 579.2 470.1 575.2 487.3C571.2 504.5 553.1 515.2 536.7 511.2C512.2 505.4 491.9 494.6 478.5 486.2C449.5 501.7 417 512 384 512C352.1 512 323.4 502.1 303.6 493.1C297.7 490.5 292.5 487.8 288 485.4C283.5 487.8 278.3 490.5 272.4 493.1C252.6 502.1 223.9 512 192 512C158.1 512 126.5 501.7 97.5 486.2C84.12 494.6 63.79 505.4 39.27 511.2C22.06 515.2 4.853 504.5 .8422 487.3C-3.169 470.1 7.532 452.8 24.74 448.8C42.84 444.6 60.96 435.5 75.31 423.6C86.46 414.1 102.6 413.4 114.5 421.9L114.6 421.9C136.7 437.2 165.1 448 192 448C219.5 448 247 437.4 269.5 421.9C280.6 414 295.4 414 306.5 421.9C328.1 437.4 356.5 448 384 448H384z\"><\/path><\/svg><\/div><div class=\"uagb-ifb-title-wrap\"><span class=\"uagb-ifb-title-prefix\"><strong>Nagu norTH rOUTE<\/strong><\/span><h3 class=\"uagb-ifb-title\"><strong> M\/S Innamo<\/strong><\/h3><\/div><p class=\"uagb-ifb-desc\">We deliver goods to M\/S Innamo on weekdays by agreement. <br>We want your order by 06.00 a.m. the same morning. The store is not responsible for the accuracy of the timetable.<\/p><div class=\"uagb-ifb-button-wrapper wp-block-button\"><a href=\"https:\/\/www.finferries.fi\/media\/aikataulut-2023\/nauvon-pohjoinen-reitti-1.5.-11.5.2023-ja-4.9.2023-15.5.2024.pdf\" class=\"uagb-infobox-cta-link wp-block-button__link\" target=\"_blank\" rel=\"noopener noreferrer\" onclick=\"return true;\" alt=\"\"><span class=\"uagb-inline-editing\">Timetable &#8211; M\/S Innamo<\/span><svg xmlns=\"https:\/\/www.w3.org\/2000\/svg\" viewBox=\"0 0 512 512\"><path d=\"M504.3 273.6l-112.1 104c-6.992 6.484-17.18 8.218-25.94 4.406c-8.758-3.812-14.42-12.45-14.42-21.1L351.9 288H32C14.33 288 .0002 273.7 .0002 255.1S14.33 224 32 224h319.9l0-72c0-9.547 5.66-18.19 14.42-22c8.754-3.809 18.95-2.075 25.94 4.41l112.1 104C514.6 247.9 514.6 264.1 504.3 273.6z\"><\/path><\/svg><\/a><\/div><\/div><\/div>\n<\/div>\n\n\n\n<div class=\"wp-block-uagb-container uagb-block-a8aac232\">\n<div class=\"wp-block-uagb-info-box uagb-block-0ef0f1fa uagb-infobox__content-wrap  uagb-infobox-icon-above-title uagb-infobox-image-valign-top\"><div class=\"uagb-ifb-content\"><div class=\"uagb-ifb-icon-wrap\"><svg xmlns=\"https:\/\/www.w3.org\/2000\/svg\" viewBox=\"0 0 576 512\"><path d=\"M192 32C192 14.33 206.3 0 224 0H352C369.7 0 384 14.33 384 32V64H432C458.5 64 480 85.49 480 112V240L524.4 254.8C547.6 262.5 553.9 292.3 535.9 308.7L434.9 401.4C418.7 410.7 400.2 416.5 384 416.5C364.4 416.5 343.2 408.8 324.8 396.1C302.8 380.6 273.3 380.6 251.2 396.1C234 407.9 213.2 416.5 192 416.5C175.8 416.5 157.3 410.7 141.1 401.3L40.09 308.7C22.1 292.3 28.45 262.5 51.59 254.8L96 239.1V111.1C96 85.49 117.5 63.1 144 63.1H192V32zM160 218.7L267.8 182.7C280.9 178.4 295.1 178.4 308.2 182.7L416 218.7V128H160V218.7zM384 448C410.9 448 439.4 437.2 461.4 421.9L461.5 421.9C473.4 413.4 489.5 414.1 500.7 423.6C515 435.5 533.2 444.6 551.3 448.8C568.5 452.8 579.2 470.1 575.2 487.3C571.2 504.5 553.1 515.2 536.7 511.2C512.2 505.4 491.9 494.6 478.5 486.2C449.5 501.7 417 512 384 512C352.1 512 323.4 502.1 303.6 493.1C297.7 490.5 292.5 487.8 288 485.4C283.5 487.8 278.3 490.5 272.4 493.1C252.6 502.1 223.9 512 192 512C158.1 512 126.5 501.7 97.5 486.2C84.12 494.6 63.79 505.4 39.27 511.2C22.06 515.2 4.853 504.5 .8422 487.3C-3.169 470.1 7.532 452.8 24.74 448.8C42.84 444.6 60.96 435.5 75.31 423.6C86.46 414.1 102.6 413.4 114.5 421.9L114.6 421.9C136.7 437.2 165.1 448 192 448C219.5 448 247 437.4 269.5 421.9C280.6 414 295.4 414 306.5 421.9C328.1 437.4 356.5 448 384 448H384z\"><\/path><\/svg><\/div><div class=\"uagb-ifb-title-wrap\"><span class=\"uagb-ifb-title-prefix\"><strong>Nagu sOUTH rOUTE<\/strong><\/span><h3 class=\"uagb-ifb-title\"><strong> M\/S Falk\u00f6<\/strong><\/h3><\/div><p class=\"uagb-ifb-desc\">We deliver goods to M\/S Falk\u00f6 (Kirjais Eastern Port) on Wednesdays 9.30 and Fridays 18.30.<br>We want the orders no later than the day before at 4:00 p.m. Other delivery days only by agreement.<\/p><div class=\"uagb-ifb-button-wrapper wp-block-button\"><a href=\"https:\/\/www.finferries.fi\/media\/aikataulut-2023\/nauvon-etelainen-reitti-14.8.2023-2.6.2024.pdf\" class=\"uagb-infobox-cta-link wp-block-button__link\" target=\"_blank\" rel=\"noopener noreferrer\" onclick=\"return true;\" alt=\"\"><span class=\"uagb-inline-editing\">Timetable &#8211; M\/S Falk\u00f6<\/span><svg xmlns=\"https:\/\/www.w3.org\/2000\/svg\" viewBox=\"0 0 512 512\"><path d=\"M504.3 273.6l-112.1 104c-6.992 6.484-17.18 8.218-25.94 4.406c-8.758-3.812-14.42-12.45-14.42-21.1L351.9 288H32C14.33 288 .0002 273.7 .0002 255.1S14.33 224 32 224h319.9l0-72c0-9.547 5.66-18.19 14.42-22c8.754-3.809 18.95-2.075 25.94 4.41l112.1 104C514.6 247.9 514.6 264.1 504.3 273.6z\"><\/path><\/svg><\/a><\/div><\/div><\/div>\n<\/div>\n\n\n\n<div class=\"wp-block-uagb-container uagb-block-a1650b52\">\n<div class=\"wp-block-uagb-info-box uagb-block-ab59ae4f uagb-infobox__content-wrap  uagb-infobox-icon-above-title uagb-infobox-image-valign-top\"><div class=\"uagb-ifb-content\"><div class=\"uagb-ifb-icon-wrap\"><svg xmlns=\"https:\/\/www.w3.org\/2000\/svg\" viewBox=\"0 0 576 512\"><path d=\"M192 32C192 14.33 206.3 0 224 0H352C369.7 0 384 14.33 384 32V64H432C458.5 64 480 85.49 480 112V240L524.4 254.8C547.6 262.5 553.9 292.3 535.9 308.7L434.9 401.4C418.7 410.7 400.2 416.5 384 416.5C364.4 416.5 343.2 408.8 324.8 396.1C302.8 380.6 273.3 380.6 251.2 396.1C234 407.9 213.2 416.5 192 416.5C175.8 416.5 157.3 410.7 141.1 401.3L40.09 308.7C22.1 292.3 28.45 262.5 51.59 254.8L96 239.1V111.1C96 85.49 117.5 63.1 144 63.1H192V32zM160 218.7L267.8 182.7C280.9 178.4 295.1 178.4 308.2 182.7L416 218.7V128H160V218.7zM384 448C410.9 448 439.4 437.2 461.4 421.9L461.5 421.9C473.4 413.4 489.5 414.1 500.7 423.6C515 435.5 533.2 444.6 551.3 448.8C568.5 452.8 579.2 470.1 575.2 487.3C571.2 504.5 553.1 515.2 536.7 511.2C512.2 505.4 491.9 494.6 478.5 486.2C449.5 501.7 417 512 384 512C352.1 512 323.4 502.1 303.6 493.1C297.7 490.5 292.5 487.8 288 485.4C283.5 487.8 278.3 490.5 272.4 493.1C252.6 502.1 223.9 512 192 512C158.1 512 126.5 501.7 97.5 486.2C84.12 494.6 63.79 505.4 39.27 511.2C22.06 515.2 4.853 504.5 .8422 487.3C-3.169 470.1 7.532 452.8 24.74 448.8C42.84 444.6 60.96 435.5 75.31 423.6C86.46 414.1 102.6 413.4 114.5 421.9L114.6 421.9C136.7 437.2 165.1 448 192 448C219.5 448 247 437.4 269.5 421.9C280.6 414 295.4 414 306.5 421.9C328.1 437.4 356.5 448 384 448H384z\"><\/path><\/svg><\/div><div class=\"uagb-ifb-title-wrap\"><span class=\"uagb-ifb-title-prefix\"><strong>Ut\u00f6-rOUTE<\/strong><\/span><h3 class=\"uagb-ifb-title\"><strong> M\/S Ut\u00f6\u00a0<\/strong><\/h3><\/div><p class=\"uagb-ifb-desc\">We deliver goods orders to M\/S Ut\u00f6 only on Wednesdays at 11:10 a.m.  at P\u00e4rn\u00e4s. We want your  order no later than Tuesday at 6:30 p.m. On public holidays, delivery times may differ, contact the store in such events.<\/p><div class=\"uagb-ifb-button-wrapper wp-block-button\"><a href=\"https:\/\/www.finferries.fi\/media\/aikataulut-2023\/uton-reitti-4.9.2023-3.6.2024.pdf\" class=\"uagb-infobox-cta-link wp-block-button__link\" target=\"_self\" rel=\"noopener noreferrer\" onclick=\"return true;\" alt=\"\"><span class=\"uagb-inline-editing\">Timetable &#8211; M\/S Ut\u00f6<\/span><svg xmlns=\"https:\/\/www.w3.org\/2000\/svg\" viewBox=\"0 0 512 512\"><path d=\"M504.3 273.6l-112.1 104c-6.992 6.484-17.18 8.218-25.94 4.406c-8.758-3.812-14.42-12.45-14.42-21.1L351.9 288H32C14.33 288 .0002 273.7 .0002 255.1S14.33 224 32 224h319.9l0-72c0-9.547 5.66-18.19 14.42-22c8.754-3.809 18.95-2.075 25.94 4.41l112.1 104C514.6 247.9 514.6 264.1 504.3 273.6z\"><\/path><\/svg><\/a><\/div><\/div><\/div>\n<\/div>\n<\/div><\/div>\n\n\n\n<div class=\"wp-block-uagb-container uagb-block-00d386ff alignfull uagb-is-root-container\"><div class=\"uagb-container-inner-blocks-wrap\">\n<div class=\"wp-block-uagb-container uagb-block-f0ff0c39\">\n<p class=\"has-text-align-center\"><em>In special situations; for example technical problems with the online store, orders can also be made by phone, 020 7931150 or by e-mail, mikael.eklund [at] k-market.com.<\/em><\/p>\n<\/div>\n<\/div><\/div>\n","protected":false},"excerpt":{"rendered":"<p>Online Store &amp; Deliveries Through the&nbsp;online store&nbsp;you can order your goods either delivered home or for collection from the store. If the online store is down, orders can also be made by phone, 020 7931150 or by email&nbsp;mikael.eklund [at] k-market.com. We do not deliver goods behind ferries. We deliver to the connecting boat M\/S Falk\u00f6 [&hellip;]<\/p>\n","protected":false},"author":1,"featured_media":1150,"parent":0,"menu_order":3,"comment_status":"closed","ping_status":"closed","template":"","meta":{"_uag_custom_page_level_css":"","site-sidebar-layout":"default","site-content-layout":"default","ast-site-content-layout":"default","site-content-style":"default","site-sidebar-style":"default","ast-global-header-display":"","ast-banner-title-visibility":"","ast-main-header-display":"","ast-hfb-above-header-display":"","ast-hfb-below-header-display":"","ast-hfb-mobile-header-display":"","site-post-title":"disabled","ast-breadcrumbs-content":"","ast-featured-img":"","footer-sml-layout":"","ast-disable-related-posts":"","theme-transparent-header-meta":"default","adv-header-id-meta":"","stick-header-meta":"default","header-above-stick-meta":"","header-main-stick-meta":"","header-below-stick-meta":"","astra-migrate-meta-layouts":"set","ast-page-background-enabled":"default","ast-page-background-meta":{"desktop":{"background-color":"","background-image":"","background-repeat":"repeat","background-position":"center center","background-size":"auto","background-attachment":"scroll","background-type":"","background-media":"","overlay-type":"","overlay-color":"","overlay-opacity":"","overlay-gradient":""},"tablet":{"background-color":"","background-image":"","background-repeat":"repeat","background-position":"center center","background-size":"auto","background-attachment":"scroll","background-type":"","background-media":"","overlay-type":"","overlay-color":"","overlay-opacity":"","overlay-gradient":""},"mobile":{"background-color":"","background-image":"","background-repeat":"repeat","background-position":"center center","background-size":"auto","background-attachment":"scroll","background-type":"","background-media":"","overlay-type":"","overlay-color":"","overlay-opacity":"","overlay-gradient":""}},"ast-content-background-meta":{"desktop":{"background-color":"var(--ast-global-color-5)","background-image":"","background-repeat":"repeat","background-position":"center center","background-size":"auto","background-attachment":"scroll","background-type":"","background-media":"","overlay-type":"","overlay-color":"","overlay-opacity":"","overlay-gradient":""},"tablet":{"background-color":"var(--ast-global-color-5)","background-image":"","background-repeat":"repeat","background-position":"center center","background-size":"auto","background-attachment":"scroll","background-type":"","background-media":"","overlay-type":"","overlay-color":"","overlay-opacity":"","overlay-gradient":""},"mobile":{"background-color":"var(--ast-global-color-5)","background-image":"","background-repeat":"repeat","background-position":"center center","background-size":"auto","background-attachment":"scroll","background-type":"","background-media":"","overlay-type":"","overlay-color":"","overlay-opacity":"","overlay-gradient":""}},"footnotes":""},"class_list":["post-152","page","type-page","status-publish","has-post-thumbnail","hentry"],"uagb_featured_image_src":{"full":["https:\/\/k-market-nagu.fi\/wp-content\/uploads\/2023\/06\/natbutik-leveranser.jpg",1920,1440,false],"thumbnail":["https:\/\/k-market-nagu.fi\/wp-content\/uploads\/2023\/06\/natbutik-leveranser-150x150.jpg",150,150,true],"medium":["https:\/\/k-market-nagu.fi\/wp-content\/uploads\/2023\/06\/natbutik-leveranser-300x225.jpg",300,225,true],"medium_large":["https:\/\/k-market-nagu.fi\/wp-content\/uploads\/2023\/06\/natbutik-leveranser-768x576.jpg",768,576,true],"large":["https:\/\/k-market-nagu.fi\/wp-content\/uploads\/2023\/06\/natbutik-leveranser-1024x768.jpg",1024,768,true],"1536x1536":["https:\/\/k-market-nagu.fi\/wp-content\/uploads\/2023\/06\/natbutik-leveranser-1536x1152.jpg",1536,1152,true],"2048x2048":["https:\/\/k-market-nagu.fi\/wp-content\/uploads\/2023\/06\/natbutik-leveranser.jpg",1920,1440,false]},"uagb_author_info":{"display_name":"Frank","author_link":"https:\/\/k-market-nagu.fi\/en\/author\/dzfrank\/"},"uagb_comment_info":0,"uagb_excerpt":"Online Store &amp; Deliveries Through the&nbsp;online store&nbsp;you can order your goods either delivered home or for collection from the store. If the online store is down, orders can also be made by phone, 020 7931150 or by email&nbsp;mikael.eklund [at] k-market.com. We do not deliver goods behind ferries. We deliver to the connecting boat M\/S Falk\u00f6&hellip;","_links":{"self":[{"href":"https:\/\/k-market-nagu.fi\/en\/wp-json\/wp\/v2\/pages\/152","targetHints":{"allow":["GET"]}}],"collection":[{"href":"https:\/\/k-market-nagu.fi\/en\/wp-json\/wp\/v2\/pages"}],"about":[{"href":"https:\/\/k-market-nagu.fi\/en\/wp-json\/wp\/v2\/types\/page"}],"author":[{"embeddable":true,"href":"https:\/\/k-market-nagu.fi\/en\/wp-json\/wp\/v2\/users\/1"}],"replies":[{"embeddable":true,"href":"https:\/\/k-market-nagu.fi\/en\/wp-json\/wp\/v2\/comments?post=152"}],"version-history":[{"count":0,"href":"https:\/\/k-market-nagu.fi\/en\/wp-json\/wp\/v2\/pages\/152\/revisions"}],"wp:featuredmedia":[{"embeddable":true,"href":"https:\/\/k-market-nagu.fi\/en\/wp-json\/wp\/v2\/media\/1150"}],"wp:attachment":[{"href":"https:\/\/k-market-nagu.fi\/en\/wp-json\/wp\/v2\/media?parent=152"}],"curies":[{"name":"wp","href":"https:\/\/api.w.org\/{rel}","templated":true}]}}