{"id":1395,"date":"2023-10-24T15:15:58","date_gmt":"2023-10-24T12:15:58","guid":{"rendered":"https:\/\/k-market-nagu.fi\/meista\/"},"modified":"2023-10-24T15:15:59","modified_gmt":"2023-10-24T12:15:59","slug":"meista","status":"publish","type":"page","link":"https:\/\/k-market-nagu.fi\/fi\/meista\/","title":{"rendered":"Meist\u00e4"},"content":{"rendered":"\n<div class=\"wp-block-uagb-container uagb-block-081b0ba9 alignfull uagb-is-root-container\"><div class=\"uagb-container-inner-blocks-wrap\">\n<div class=\"wp-block-uagb-container uagb-block-4aba076a\">\n<h2 class=\"wp-block-heading\">Nauvon oma K-kauppa<\/h2>\n\n\n\n<p>Nauvo on tarjonnut jo muinaisista ajoista l\u00e4htien suurimman osan siit\u00e4, mit\u00e4 voi toivoa Turunmaan saaristolta. Ainutlaatuista luontoa, el\u00e4v\u00e4\u00e4 &#8221;saaristokeskusta&#8221; kirkonkyl\u00e4ss\u00e4, vilkasta vierassatamaa ja kaunista harmaakivikirkkoa. Kuitenkin monet vuodet jotakin t\u00e4rke\u00e4\u00e4 puuttui: oma K-kauppa. K-kauppaketjun tuotteiden ja erikoistarjousten saamiseksi P\u00e4rren ja Lisan Nauvosta oli aiemmin pakko istua auton rattiin tai ottaa ohjat k\u00e4siins\u00e4 ja suunnata mantereelle. Kauppias J\u00f6rgen tarttui tilaisuuteen ja toi K:n Nauvoon, p\u00e4\u00e4tt\u00e4en n\u00e4in tarpeettoman matkustamisen!<br\/><br\/>Kaupunkilaisena sinun on t\u00e4ytynyt tottua supermarketteihin ja ostoskeskuksiin, joissa on kiirett\u00e4, jonoja ja suuria, tungoksessa olevia parkkipaikkoja. &#8221;Saaristossa&#8221; sen sijaan kaikki on erilaista. T\u00e4n\u00e4\u00e4n voit unohtaa v\u00e4entungoksen ja j\u00e4tt\u00e4\u00e4 kiireen taaksesi. T\u00e4n\u00e4\u00e4n l\u00f6yd\u00e4t saman laajan valikoiman tuotteita kuin mantereellakin meilt\u00e4, h\u00f6ystettyn\u00e4 henkil\u00f6kohtaisella palvelulla ja rinnakkain paikallisten &#8217;herkkujen&#8217; ja paikallisesti tuotettujen herkkujen kanssa. Ja ei siihen viel\u00e4 lopu, meill\u00e4 valikoima rakentuu parhaan mahdollisen paikallisen kaupan hengess\u00e4 yhdess\u00e4 sinun kanssasi!<br\/>Meilt\u00e4 voit hankkia varastoon niin arkip\u00e4iv\u00e4\u00e4 kuin juhlaakin varten. Astu sis\u00e4\u00e4n \u2013 lupaamme ettet tule pettym\u00e4\u00e4n!&#8221;<\/p>\n<\/div>\n\n\n\n<div class=\"wp-block-uagb-container uagb-block-c47fc682\">\n<figure class=\"wp-block-embed is-type-video is-provider-youtube wp-block-embed-youtube wp-embed-aspect-16-9 wp-has-aspect-ratio\"><div class=\"wp-block-embed__wrapper\">\r\n<iframe title=\"K-Market - Kes\u00e4kohteena K-Market Nauvo\" width=\"500\" height=\"281\" src=\"https:\/\/www.youtube.com\/embed\/zDrKI1ZJNlo?feature=oembed\" frameborder=\"0\" allow=\"accelerometer; autoplay; clipboard-write; encrypted-media; gyroscope; picture-in-picture; web-share\" referrerpolicy=\"strict-origin-when-cross-origin\" allowfullscreen><\/iframe>\r\n<\/div><\/figure>\r\n<\/div>\n<\/div><\/div>\n","protected":false},"excerpt":{"rendered":"<p>Nauvon oma K-kauppa Nauvo on tarjonnut jo muinaisista ajoista l\u00e4htien suurimman osan siit\u00e4, mit\u00e4 voi toivoa Turunmaan saaristolta. Ainutlaatuista luontoa, el\u00e4v\u00e4\u00e4 &#8221;saaristokeskusta&#8221; kirkonkyl\u00e4ss\u00e4, vilkasta vierassatamaa ja kaunista harmaakivikirkkoa. Kuitenkin monet vuodet jotakin t\u00e4rke\u00e4\u00e4 puuttui: oma K-kauppa. K-kauppaketjun tuotteiden ja erikoistarjousten saamiseksi P\u00e4rren ja Lisan Nauvosta oli aiemmin pakko istua auton rattiin tai ottaa ohjat k\u00e4siins\u00e4 [&hellip;]<\/p>\n","protected":false},"author":1,"featured_media":794,"parent":0,"menu_order":0,"comment_status":"closed","ping_status":"closed","template":"","meta":{"_uag_custom_page_level_css":"","site-sidebar-layout":"default","site-content-layout":"","ast-site-content-layout":"default","site-content-style":"default","site-sidebar-style":"default","ast-global-header-display":"","ast-banner-title-visibility":"","ast-main-header-display":"","ast-hfb-above-header-display":"","ast-hfb-below-header-display":"","ast-hfb-mobile-header-display":"","site-post-title":"","ast-breadcrumbs-content":"","ast-featured-img":"","footer-sml-layout":"","ast-disable-related-posts":"","theme-transparent-header-meta":"","adv-header-id-meta":"","stick-header-meta":"","header-above-stick-meta":"","header-main-stick-meta":"","header-below-stick-meta":"","astra-migrate-meta-layouts":"default","ast-page-background-enabled":"default","ast-page-background-meta":{"desktop":{"background-color":"","background-image":"","background-repeat":"repeat","background-position":"center center","background-size":"auto","background-attachment":"scroll","background-type":"","background-media":"","overlay-type":"","overlay-color":"","overlay-opacity":"","overlay-gradient":""},"tablet":{"background-color":"","background-image":"","background-repeat":"repeat","background-position":"center center","background-size":"auto","background-attachment":"scroll","background-type":"","background-media":"","overlay-type":"","overlay-color":"","overlay-opacity":"","overlay-gradient":""},"mobile":{"background-color":"","background-image":"","background-repeat":"repeat","background-position":"center center","background-size":"auto","background-attachment":"scroll","background-type":"","background-media":"","overlay-type":"","overlay-color":"","overlay-opacity":"","overlay-gradient":""}},"ast-content-background-meta":{"desktop":{"background-color":"var(--ast-global-color-5)","background-image":"","background-repeat":"repeat","background-position":"center center","background-size":"auto","background-attachment":"scroll","background-type":"","background-media":"","overlay-type":"","overlay-color":"","overlay-opacity":"","overlay-gradient":""},"tablet":{"background-color":"var(--ast-global-color-5)","background-image":"","background-repeat":"repeat","background-position":"center center","background-size":"auto","background-attachment":"scroll","background-type":"","background-media":"","overlay-type":"","overlay-color":"","overlay-opacity":"","overlay-gradient":""},"mobile":{"background-color":"var(--ast-global-color-5)","background-image":"","background-repeat":"repeat","background-position":"center center","background-size":"auto","background-attachment":"scroll","background-type":"","background-media":"","overlay-type":"","overlay-color":"","overlay-opacity":"","overlay-gradient":""}},"footnotes":""},"class_list":["post-1395","page","type-page","status-publish","has-post-thumbnail","hentry"],"uagb_featured_image_src":{"full":["https:\/\/k-market-nagu.fi\/wp-content\/uploads\/2020\/02\/bg-k-market-nagu.jpg",2508,1672,false],"thumbnail":["https:\/\/k-market-nagu.fi\/wp-content\/uploads\/2020\/02\/bg-k-market-nagu-150x150.jpg",150,150,true],"medium":["https:\/\/k-market-nagu.fi\/wp-content\/uploads\/2020\/02\/bg-k-market-nagu-300x200.jpg",300,200,true],"medium_large":["https:\/\/k-market-nagu.fi\/wp-content\/uploads\/2020\/02\/bg-k-market-nagu-768x512.jpg",768,512,true],"large":["https:\/\/k-market-nagu.fi\/wp-content\/uploads\/2020\/02\/bg-k-market-nagu-1024x683.jpg",1024,683,true],"1536x1536":["https:\/\/k-market-nagu.fi\/wp-content\/uploads\/2020\/02\/bg-k-market-nagu-1536x1024.jpg",1536,1024,true],"2048x2048":["https:\/\/k-market-nagu.fi\/wp-content\/uploads\/2020\/02\/bg-k-market-nagu-2048x1365.jpg",2048,1365,true]},"uagb_author_info":{"display_name":"Frank","author_link":"https:\/\/k-market-nagu.fi\/fi\/author\/dzfrank\/"},"uagb_comment_info":0,"uagb_excerpt":"Nauvon oma K-kauppa Nauvo on tarjonnut jo muinaisista ajoista l\u00e4htien suurimman osan siit\u00e4, mit\u00e4 voi toivoa Turunmaan saaristolta. Ainutlaatuista luontoa, el\u00e4v\u00e4\u00e4 &#8221;saaristokeskusta&#8221; kirkonkyl\u00e4ss\u00e4, vilkasta vierassatamaa ja kaunista harmaakivikirkkoa. Kuitenkin monet vuodet jotakin t\u00e4rke\u00e4\u00e4 puuttui: oma K-kauppa. K-kauppaketjun tuotteiden ja erikoistarjousten saamiseksi P\u00e4rren ja Lisan Nauvosta oli aiemmin pakko istua auton rattiin tai ottaa ohjat k\u00e4siins\u00e4&hellip;","_links":{"self":[{"href":"https:\/\/k-market-nagu.fi\/fi\/wp-json\/wp\/v2\/pages\/1395","targetHints":{"allow":["GET"]}}],"collection":[{"href":"https:\/\/k-market-nagu.fi\/fi\/wp-json\/wp\/v2\/pages"}],"about":[{"href":"https:\/\/k-market-nagu.fi\/fi\/wp-json\/wp\/v2\/types\/page"}],"author":[{"embeddable":true,"href":"https:\/\/k-market-nagu.fi\/fi\/wp-json\/wp\/v2\/users\/1"}],"replies":[{"embeddable":true,"href":"https:\/\/k-market-nagu.fi\/fi\/wp-json\/wp\/v2\/comments?post=1395"}],"version-history":[{"count":0,"href":"https:\/\/k-market-nagu.fi\/fi\/wp-json\/wp\/v2\/pages\/1395\/revisions"}],"wp:featuredmedia":[{"embeddable":true,"href":"https:\/\/k-market-nagu.fi\/fi\/wp-json\/wp\/v2\/media\/794"}],"wp:attachment":[{"href":"https:\/\/k-market-nagu.fi\/fi\/wp-json\/wp\/v2\/media?parent=1395"}],"curies":[{"name":"wp","href":"https:\/\/api.w.org\/{rel}","templated":true}]}}