{"id":38,"date":"2013-11-07T08:05:28","date_gmt":"2013-11-07T06:05:28","guid":{"rendered":"http:\/\/k-market-nagu.fi\/kmn2013\/?page_id=38"},"modified":"2023-10-26T21:17:03","modified_gmt":"2023-10-26T18:17:03","slug":"tilat-palvelut","status":"publish","type":"page","link":"https:\/\/k-market-nagu.fi\/fi\/tilat-palvelut\/","title":{"rendered":"Tilat &#038; Palvelut"},"content":{"rendered":"\n<div class=\"wp-block-uagb-container uagb-block-a7d0db19 alignfull uagb-is-root-container\"><div class=\"uagb-container-inner-blocks-wrap\">\n<h2 class=\"wp-block-heading\">Nauvosta l\u00f6ytyy yht\u00e4 ja toista!<\/h2>\n\n\n\n<p>K-Market Nauvo on pieni, mutta samalla suuri l\u00e4hikauppa! 730 m2:n lattia-ala riitt\u00e4\u00e4 valikoimalle, joka takuulla ly\u00f6 vaativammankin \u00e4llik\u00e4ll\u00e4.&#13;\nMeill\u00e4 tuoreus on taattu, oli kyseess\u00e4 sitten liha, kala, hedelm\u00e4t tai vihannekset. Kalastaja B\u00f6rje myy talvikaudella vastapyydetty\u00e4 kalaa tiloissamme \u2013 suoraan sinulle. My\u00f6s leiv\u00e4t ja leipomotuotteet l\u00f6yt\u00e4v\u00e4t tiens\u00e4 meille helposti \u2013 niit\u00e4 tulee niin l\u00e4helt\u00e4, kuin kaukaakin, ja l\u00e4hileip\u00e4 tuoksuu l\u00e4mpim\u00e4n\u00e4 viel\u00e4 hyllyss\u00e4kin.&#13;\nHyv\u00e4 valikoima ei kuitenkaan v\u00e4ltt\u00e4m\u00e4tt\u00e4 riit\u00e4 tuomaan hymy\u00e4 huulillesi. Tila ja viihtyvyys ovat yht\u00e4lailla t\u00e4rkeit\u00e4. Meilt\u00e4 l\u00f6yd\u00e4t sek\u00e4 tilaa, valoa ja viihtyisyytt\u00e4. Hyv\u00e4 mieli on taattu jo siit\u00e4 hetkest\u00e4, kun astut kauppaan.<\/p>\n\n\n\n<h4 class=\"wp-block-heading\">Tuoreet tuotteen l\u00e4helt\u00e4<\/h4>\n\n\n\n<p>Erityisen ylpe\u00e4 olemme tuoreiden tuotteiden valikoimastamme. Olemme sovittaneet tarjontamme vastataksemme jopa vaativimpien asiakkaidemme toiveisiin. Valikoimamme on laaja my\u00f6s, mit\u00e4 tulee paikallisesti tuotettuihin tuotteisiin.<\/p>\n\n\n\n<h4 class=\"wp-block-heading\">Osaava tiimi<\/h4>\n\n\n\n<p>T\u00e4rkeimm\u00e4t viihtymistekij\u00e4mme ovat kuitenkin kaksijalkaisia. Puhumme siis osaavasta ja palveluhenkisest\u00e4 henkil\u00f6kunnastamme. Kauppias J\u00f6rgen 6-hengen tiimill\u00e4\u00e4n toivottaa sinut iloisesti tervetulleeksi, ja kes\u00e4isin toivottajia on per\u00e4ti tuplasti. Kaikkihan tied\u00e4mme miten t\u00e4rke\u00e4 hyv\u00e4 palvelu on viihtymiselle, ja meh\u00e4n todella toivomme sinun viihtyv\u00e4n t\u00e4\u00e4ll\u00e4!<\/p>\n\n\n\n<h4 class=\"wp-block-heading\">Verkkokauppa<\/h4>\n\n\n\n<figure class=\"wp-block-image size-large is-resized\"><a href=\"https:\/\/k-market-nagu.fi\/wp-content\/uploads\/2023\/10\/Online-Large-1440x-Verkkokauppa-printti-O-CMYK.png-1024x979.webp\"><img decoding=\"async\" width=\"1024\" height=\"979\" src=\"https:\/\/k-market-nagu.fi\/wp-content\/uploads\/2023\/10\/Online-Large-1440x-Verkkokauppa-printti-O-CMYK.png-1024x979.webp\" alt=\"\" class=\"wp-image-1405\" style=\"width:120px\" srcset=\"https:\/\/k-market-nagu.fi\/wp-content\/uploads\/2023\/10\/Online-Large-1440x-Verkkokauppa-printti-O-CMYK.png-1024x979.webp 1024w, https:\/\/k-market-nagu.fi\/wp-content\/uploads\/2023\/10\/Online-Large-1440x-Verkkokauppa-printti-O-CMYK.png-300x287.webp 300w, https:\/\/k-market-nagu.fi\/wp-content\/uploads\/2023\/10\/Online-Large-1440x-Verkkokauppa-printti-O-CMYK.png-768x734.webp 768w, https:\/\/k-market-nagu.fi\/wp-content\/uploads\/2023\/10\/Online-Large-1440x-Verkkokauppa-printti-O-CMYK.png.webp 1440w\" sizes=\"(max-width: 1024px) 100vw, 1024px\" \/><\/a><\/figure>\n\n\n\n<p>Toimitamme my\u00f6s sinulle, joka asut todella syrj\u00e4isell\u00e4 alueella. Tilaa helposti verkkosivustoltamme tai K-Ruoka-sovelluksen kautta, ja toimitamme ostoksesi suoraan kotiovellesi. Lis\u00e4tietoja t\u00e4st\u00e4 l\u00f6yd\u00e4t verkkokauppamme osiosta.<\/p>\n\n\n\n<h4 class=\"wp-block-heading\">Prepaid<\/h4>\n\n\n\n<p>Meill\u00e4 on myynniss\u00e4 prepaid-mobiili- ja datapaketteja. Lis\u00e4ksi tarjoamme useita yleisimpi\u00e4 ladattavia lahjakortteja.<\/p>\n\n\n\n<h4 class=\"wp-block-heading\">Veikkauspalvelu<\/h4>\n\n\n\n<figure class=\"wp-block-image size-full is-resized\"><a href=\"https:\/\/k-market-nagu.fi\/wp-content\/uploads\/2023\/10\/veikkaus.png.webp\"><img decoding=\"async\" width=\"644\" height=\"496\" src=\"https:\/\/k-market-nagu.fi\/wp-content\/uploads\/2023\/10\/veikkaus.png.webp\" alt=\"\" class=\"wp-image-1409\" style=\"width:120px\" srcset=\"https:\/\/k-market-nagu.fi\/wp-content\/uploads\/2023\/10\/veikkaus.png.webp 644w, https:\/\/k-market-nagu.fi\/wp-content\/uploads\/2023\/10\/veikkaus.png-300x231.webp 300w\" sizes=\"(max-width: 644px) 100vw, 644px\" \/><\/a><\/figure>\n\n\n\n<p>Olemme Veikkaus Oy:n veikkausasiamies.<\/p>\n\n\n\n<h4 class=\"wp-block-heading\">Nestekaasu<\/h4>\n\n\n\n<figure class=\"wp-block-image size-full is-resized\"><a href=\"https:\/\/k-market-nagu.fi\/wp-content\/uploads\/2023\/10\/nestekaasu-flytgas.png.webp\"><img decoding=\"async\" width=\"138\" height=\"223\" src=\"https:\/\/k-market-nagu.fi\/wp-content\/uploads\/2023\/10\/nestekaasu-flytgas.png.webp\" alt=\"\" class=\"wp-image-1412\" style=\"width:120px\"\/><\/a><\/figure>\n\n\n\n<p>Myymme yleisimpi\u00e4 nestekaasumalleja. Tarjoamme my\u00f6s tyhjien kaasupullojen vaihtomahdollisuutta.<\/p>\n\n\n\n<h4 class=\"wp-block-heading\">Osta&amp;Nosta<\/h4>\n\n\n\n<figure class=\"wp-block-image size-full is-resized\"><a href=\"https:\/\/k-market-nagu.fi\/wp-content\/uploads\/2023\/10\/kop_och_lyft.png.webp\"><img decoding=\"async\" width=\"965\" height=\"563\" src=\"https:\/\/k-market-nagu.fi\/wp-content\/uploads\/2023\/10\/kop_och_lyft.png.webp\" alt=\"\" class=\"wp-image-1415\" style=\"width:160px\" srcset=\"https:\/\/k-market-nagu.fi\/wp-content\/uploads\/2023\/10\/kop_och_lyft.png.webp 965w, https:\/\/k-market-nagu.fi\/wp-content\/uploads\/2023\/10\/kop_och_lyft.png-300x175.webp 300w, https:\/\/k-market-nagu.fi\/wp-content\/uploads\/2023\/10\/kop_och_lyft.png-768x448.webp 768w\" sizes=\"(max-width: 965px) 100vw, 965px\" \/><\/a><\/figure>\n\n\n\n<p>Osta&amp;Nosta -palvelu helpottaa el\u00e4m\u00e4\u00e4si. Olemme tulevan virtuaalisen pankkiautomaattisi. Voit nostaa k\u00e4teist\u00e4 kotimaisella debit- tai Electron-kortilla samalla kun hoidat ostoksesi.<\/p>\n<\/div><\/div>\n","protected":false},"excerpt":{"rendered":"<p>Nauvosta l\u00f6ytyy yht\u00e4 ja toista! K-Market Nauvo on pieni, mutta samalla suuri l\u00e4hikauppa! 730 m2:n lattia-ala riitt\u00e4\u00e4 valikoimalle, joka takuulla ly\u00f6 vaativammankin \u00e4llik\u00e4ll\u00e4.&#13; Meill\u00e4 tuoreus on taattu, oli kyseess\u00e4 sitten liha, kala, hedelm\u00e4t tai vihannekset. Kalastaja B\u00f6rje myy talvikaudella vastapyydetty\u00e4 kalaa tiloissamme \u2013 suoraan sinulle. My\u00f6s leiv\u00e4t ja leipomotuotteet l\u00f6yt\u00e4v\u00e4t tiens\u00e4 meille helposti \u2013 niit\u00e4 [&hellip;]<\/p>\n","protected":false},"author":1,"featured_media":687,"parent":0,"menu_order":1,"comment_status":"closed","ping_status":"closed","template":"","meta":{"_uag_custom_page_level_css":"","site-sidebar-layout":"default","site-content-layout":"default","ast-site-content-layout":"default","site-content-style":"default","site-sidebar-style":"default","ast-global-header-display":"","ast-banner-title-visibility":"","ast-main-header-display":"","ast-hfb-above-header-display":"","ast-hfb-below-header-display":"","ast-hfb-mobile-header-display":"","site-post-title":"disabled","ast-breadcrumbs-content":"","ast-featured-img":"","footer-sml-layout":"","ast-disable-related-posts":"","theme-transparent-header-meta":"default","adv-header-id-meta":"","stick-header-meta":"default","header-above-stick-meta":"","header-main-stick-meta":"","header-below-stick-meta":"","astra-migrate-meta-layouts":"set","ast-page-background-enabled":"default","ast-page-background-meta":{"desktop":{"background-color":"","background-image":"","background-repeat":"repeat","background-position":"center center","background-size":"auto","background-attachment":"scroll","background-type":"","background-media":"","overlay-type":"","overlay-color":"","overlay-opacity":"","overlay-gradient":""},"tablet":{"background-color":"","background-image":"","background-repeat":"repeat","background-position":"center center","background-size":"auto","background-attachment":"scroll","background-type":"","background-media":"","overlay-type":"","overlay-color":"","overlay-opacity":"","overlay-gradient":""},"mobile":{"background-color":"","background-image":"","background-repeat":"repeat","background-position":"center center","background-size":"auto","background-attachment":"scroll","background-type":"","background-media":"","overlay-type":"","overlay-color":"","overlay-opacity":"","overlay-gradient":""}},"ast-content-background-meta":{"desktop":{"background-color":"var(--ast-global-color-5)","background-image":"","background-repeat":"repeat","background-position":"center center","background-size":"auto","background-attachment":"scroll","background-type":"","background-media":"","overlay-type":"","overlay-color":"","overlay-opacity":"","overlay-gradient":""},"tablet":{"background-color":"var(--ast-global-color-5)","background-image":"","background-repeat":"repeat","background-position":"center center","background-size":"auto","background-attachment":"scroll","background-type":"","background-media":"","overlay-type":"","overlay-color":"","overlay-opacity":"","overlay-gradient":""},"mobile":{"background-color":"var(--ast-global-color-5)","background-image":"","background-repeat":"repeat","background-position":"center center","background-size":"auto","background-attachment":"scroll","background-type":"","background-media":"","overlay-type":"","overlay-color":"","overlay-opacity":"","overlay-gradient":""}},"footnotes":""},"class_list":["post-38","page","type-page","status-publish","has-post-thumbnail","hentry"],"uagb_featured_image_src":{"full":["https:\/\/k-market-nagu.fi\/wp-content\/uploads\/2018\/10\/k-market_nagu_6941.jpg",799,533,false],"thumbnail":["https:\/\/k-market-nagu.fi\/wp-content\/uploads\/2018\/10\/k-market_nagu_6941-150x150.jpg",150,150,true],"medium":["https:\/\/k-market-nagu.fi\/wp-content\/uploads\/2018\/10\/k-market_nagu_6941-300x200.jpg",300,200,true],"medium_large":["https:\/\/k-market-nagu.fi\/wp-content\/uploads\/2018\/10\/k-market_nagu_6941-768x512.jpg",768,512,true],"large":["https:\/\/k-market-nagu.fi\/wp-content\/uploads\/2018\/10\/k-market_nagu_6941.jpg",799,533,false],"1536x1536":["https:\/\/k-market-nagu.fi\/wp-content\/uploads\/2018\/10\/k-market_nagu_6941.jpg",799,533,false],"2048x2048":["https:\/\/k-market-nagu.fi\/wp-content\/uploads\/2018\/10\/k-market_nagu_6941.jpg",799,533,false]},"uagb_author_info":{"display_name":"Frank","author_link":"https:\/\/k-market-nagu.fi\/fi\/author\/dzfrank\/"},"uagb_comment_info":0,"uagb_excerpt":"Nauvosta l\u00f6ytyy yht\u00e4 ja toista! K-Market Nauvo on pieni, mutta samalla suuri l\u00e4hikauppa! 730 m2:n lattia-ala riitt\u00e4\u00e4 valikoimalle, joka takuulla ly\u00f6 vaativammankin \u00e4llik\u00e4ll\u00e4.&#13; Meill\u00e4 tuoreus on taattu, oli kyseess\u00e4 sitten liha, kala, hedelm\u00e4t tai vihannekset. Kalastaja B\u00f6rje myy talvikaudella vastapyydetty\u00e4 kalaa tiloissamme \u2013 suoraan sinulle. My\u00f6s leiv\u00e4t ja leipomotuotteet l\u00f6yt\u00e4v\u00e4t tiens\u00e4 meille helposti \u2013 niit\u00e4&hellip;","_links":{"self":[{"href":"https:\/\/k-market-nagu.fi\/fi\/wp-json\/wp\/v2\/pages\/38","targetHints":{"allow":["GET"]}}],"collection":[{"href":"https:\/\/k-market-nagu.fi\/fi\/wp-json\/wp\/v2\/pages"}],"about":[{"href":"https:\/\/k-market-nagu.fi\/fi\/wp-json\/wp\/v2\/types\/page"}],"author":[{"embeddable":true,"href":"https:\/\/k-market-nagu.fi\/fi\/wp-json\/wp\/v2\/users\/1"}],"replies":[{"embeddable":true,"href":"https:\/\/k-market-nagu.fi\/fi\/wp-json\/wp\/v2\/comments?post=38"}],"version-history":[{"count":0,"href":"https:\/\/k-market-nagu.fi\/fi\/wp-json\/wp\/v2\/pages\/38\/revisions"}],"wp:featuredmedia":[{"embeddable":true,"href":"https:\/\/k-market-nagu.fi\/fi\/wp-json\/wp\/v2\/media\/687"}],"wp:attachment":[{"href":"https:\/\/k-market-nagu.fi\/fi\/wp-json\/wp\/v2\/media?parent=38"}],"curies":[{"name":"wp","href":"https:\/\/api.w.org\/{rel}","templated":true}]}}