{"id":54,"date":"2013-11-07T08:08:53","date_gmt":"2013-11-07T06:08:53","guid":{"rendered":"http:\/\/k-market-nagu.fi\/kmn2013\/?page_id=54"},"modified":"2023-10-26T13:55:25","modified_gmt":"2023-10-26T10:55:25","slug":"ota-yhteytta","status":"publish","type":"page","link":"https:\/\/k-market-nagu.fi\/fi\/ota-yhteytta\/","title":{"rendered":"Ota yhteytt\u00e4"},"content":{"rendered":"\n<div class=\"wp-block-uagb-container uagb-block-b37ab0c6 alignfull uagb-is-root-container\"><div class=\"uagb-container-inner-blocks-wrap\">\t\t\t<div \n\t\t\tclass=\"wp-block-uagb-google-map uagb-google-map__wrap uagb-block-9c789c70     \"\n\t\t\tstyle=\"\" >\n\t\t\t\t<embed\n\t\t\t\t\tclass=\"uagb-google-map__iframe\"\n\t\t\t\t\ttitle=\"Google Map for \"\n\t\t\t\t\tsrc=\"https:\/\/maps.google.com\/maps?q=Torgstigen%203%2C%2021660%20Nagu&#038;z=12&#038;hl=sv&#038;t=m&#038;output=embed&#038;iwloc=near\"\n\t\t\t\t\twidth=\"640\"\n\t\t\t\t\theight=\"300\"\n\t\t\t\t\tloading=\"lazy\"\n\t\t\t\t><\/embed>\n\t\t\t<\/div>\n\t\t\t<\/div><\/div>\n\n<div class=\"wp-block-uagb-container uagb-block-bf258893 alignfull uagb-is-root-container\"><div class=\"uagb-container-inner-blocks-wrap\">\n<div class=\"wp-block-uagb-container uagb-block-b3a3c337\">\n<h1 class=\"wp-block-heading\">K-Market Nauvo<\/h1>\n\n\n\n<p>Toripolku 3<br\/>21660 Nauvo<\/p>\n\n\n\n<p><strong>puh:<\/strong> <br\/>020 7931 150<br\/><br\/><strong>s-posti:<\/strong><br\/>mikael.eklund [at] k-market.com<\/p>\n<\/div>\n\n\n\n<div class=\"wp-block-uagb-container uagb-block-916d2e97\">\n<div class=\"wp-block-uagb-forms uagb-forms__outer-wrap uagb-block-d449065a uagb-forms__medium-btn\"><form class=\"uagb-forms-main-form\" method=\"post\" autocomplete=\"on\" name=\"uagb-form-d449065a\">\n<div class=\"wp-block-uagb-forms-name uagb-forms-name-wrap uagb-forms-field-set uagb-block-b09e3111\"><div class=\"uagb-forms-name-label required uagb-forms-input-label\" id=\"b09e3111\">Etunimi<\/div><input type=\"text\" placeholder=\"\" required class=\"uagb-forms-name-input uagb-forms-input\" name=\"b09e3111\" autocomplete=\"given-name\"\/><\/div>\r\n\n\n\n<div class=\"wp-block-uagb-forms-name uagb-forms-name-wrap uagb-forms-field-set uagb-block-6ad207cf\"><div class=\"uagb-forms-name-label required uagb-forms-input-label\" id=\"6ad207cf\">Sukunimi<\/div><input type=\"text\" placeholder=\"\" required class=\"uagb-forms-name-input uagb-forms-input\" name=\"6ad207cf\" autocomplete=\"family-name\"\/><\/div>\r\n\n\n\n<div class=\"wp-block-uagb-forms-email uagb-forms-email-wrap uagb-forms-field-set uagb-block-f4f81eb8\"><div class=\"uagb-forms-email-label  uagb-forms-input-label\" id=\"f4f81eb8\">S-posti<\/div><input type=\"email\" class=\"uagb-forms-email-input uagb-forms-input\" placeholder=\"\" name=\"f4f81eb8\" autocomplete=\"email\"\/><\/div>\r\n\n\n\n<div class=\"wp-block-uagb-forms-textarea uagb-forms-textarea-wrap uagb-forms-field-set uagb-block-ec21ec3b\"><div class=\"uagb-forms-textarea-label required uagb-forms-input-label\" id=\"ec21ec3b\">Viesti<\/div><textarea required class=\"uagb-forms-textarea-input uagb-forms-input\" rows=\"4\" placeholder=\"\" name=\"ec21ec3b\" autocomplete=\"off\"><\/textarea><\/div>\r\n<div class=\"uagb-forms-form-hidden-data\"><input type=\"hidden\" id=\"g-recaptcha-response\" class=\"uagb-forms-recaptcha\"\/><input type=\"hidden\" class=\"uagb_forms_form_label\" value=\"Spectra Form\"\/><input type=\"hidden\" class=\"uagb_forms_form_id\" value=\"uagb-form-d449065a\"\/><\/div><div class=\"g-recaptcha uagb-forms-field-set\" data-sitekey=\"\"><\/div><div class=\"uagb-form-reacaptcha-error-d449065a\"><\/div><div class=\"uagb-forms-main-submit-button-wrap wp-block-button\"><button class=\"uagb-forms-main-submit-button wp-block-button__link\"><div class=\"uagb-forms-main-submit-button-text\">Skicka<\/div><\/button><\/div><\/form><div class=\"uagb-forms-success-message-d449065a uagb-forms-submit-message-hide\"><span>Tack f\u00f6r ditt meddelande, vi \u00e5terkommer s\u00e5 fort som m\u00f6jligt!<\/span><\/div><div class=\"uagb-forms-failed-message-d449065a uagb-forms-submit-message-hide\"><span>Det uppstod ett fel n\u00e4r formul\u00e4ret skickades. V\u00e4nligen verifiera alla formul\u00e4rf\u00e4lt igen.<\/span><\/div><\/div>\n<\/div>\n<\/div><\/div>\n","protected":false},"excerpt":{"rendered":"<p>K-Market Nauvo Toripolku 321660 Nauvo puh: 020 7931 150 s-posti:mikael.eklund [at] k-market.com<\/p>\n","protected":false},"author":1,"featured_media":794,"parent":0,"menu_order":99,"comment_status":"closed","ping_status":"closed","template":"","meta":{"_uag_custom_page_level_css":"","site-sidebar-layout":"default","site-content-layout":"default","ast-site-content-layout":"default","site-content-style":"default","site-sidebar-style":"default","ast-global-header-display":"","ast-banner-title-visibility":"","ast-main-header-display":"","ast-hfb-above-header-display":"","ast-hfb-below-header-display":"","ast-hfb-mobile-header-display":"","site-post-title":"","ast-breadcrumbs-content":"","ast-featured-img":"","footer-sml-layout":"","ast-disable-related-posts":"","theme-transparent-header-meta":"default","adv-header-id-meta":"","stick-header-meta":"default","header-above-stick-meta":"","header-main-stick-meta":"","header-below-stick-meta":"","astra-migrate-meta-layouts":"set","ast-page-background-enabled":"default","ast-page-background-meta":{"desktop":{"background-color":"","background-image":"","background-repeat":"repeat","background-position":"center center","background-size":"auto","background-attachment":"scroll","background-type":"","background-media":"","overlay-type":"","overlay-color":"","overlay-opacity":"","overlay-gradient":""},"tablet":{"background-color":"","background-image":"","background-repeat":"repeat","background-position":"center center","background-size":"auto","background-attachment":"scroll","background-type":"","background-media":"","overlay-type":"","overlay-color":"","overlay-opacity":"","overlay-gradient":""},"mobile":{"background-color":"","background-image":"","background-repeat":"repeat","background-position":"center center","background-size":"auto","background-attachment":"scroll","background-type":"","background-media":"","overlay-type":"","overlay-color":"","overlay-opacity":"","overlay-gradient":""}},"ast-content-background-meta":{"desktop":{"background-color":"var(--ast-global-color-5)","background-image":"","background-repeat":"repeat","background-position":"center center","background-size":"auto","background-attachment":"scroll","background-type":"","background-media":"","overlay-type":"","overlay-color":"","overlay-opacity":"","overlay-gradient":""},"tablet":{"background-color":"var(--ast-global-color-5)","background-image":"","background-repeat":"repeat","background-position":"center center","background-size":"auto","background-attachment":"scroll","background-type":"","background-media":"","overlay-type":"","overlay-color":"","overlay-opacity":"","overlay-gradient":""},"mobile":{"background-color":"var(--ast-global-color-5)","background-image":"","background-repeat":"repeat","background-position":"center center","background-size":"auto","background-attachment":"scroll","background-type":"","background-media":"","overlay-type":"","overlay-color":"","overlay-opacity":"","overlay-gradient":""}},"footnotes":""},"class_list":["post-54","page","type-page","status-publish","has-post-thumbnail","hentry"],"uagb_featured_image_src":{"full":["https:\/\/k-market-nagu.fi\/wp-content\/uploads\/2020\/02\/bg-k-market-nagu.jpg",2508,1672,false],"thumbnail":["https:\/\/k-market-nagu.fi\/wp-content\/uploads\/2020\/02\/bg-k-market-nagu-150x150.jpg",150,150,true],"medium":["https:\/\/k-market-nagu.fi\/wp-content\/uploads\/2020\/02\/bg-k-market-nagu-300x200.jpg",300,200,true],"medium_large":["https:\/\/k-market-nagu.fi\/wp-content\/uploads\/2020\/02\/bg-k-market-nagu-768x512.jpg",768,512,true],"large":["https:\/\/k-market-nagu.fi\/wp-content\/uploads\/2020\/02\/bg-k-market-nagu-1024x683.jpg",1024,683,true],"1536x1536":["https:\/\/k-market-nagu.fi\/wp-content\/uploads\/2020\/02\/bg-k-market-nagu-1536x1024.jpg",1536,1024,true],"2048x2048":["https:\/\/k-market-nagu.fi\/wp-content\/uploads\/2020\/02\/bg-k-market-nagu-2048x1365.jpg",2048,1365,true]},"uagb_author_info":{"display_name":"Frank","author_link":"https:\/\/k-market-nagu.fi\/fi\/author\/dzfrank\/"},"uagb_comment_info":0,"uagb_excerpt":"K-Market Nauvo Toripolku 321660 Nauvo puh: 020 7931 150 s-posti:mikael.eklund [at] k-market.com","_links":{"self":[{"href":"https:\/\/k-market-nagu.fi\/fi\/wp-json\/wp\/v2\/pages\/54","targetHints":{"allow":["GET"]}}],"collection":[{"href":"https:\/\/k-market-nagu.fi\/fi\/wp-json\/wp\/v2\/pages"}],"about":[{"href":"https:\/\/k-market-nagu.fi\/fi\/wp-json\/wp\/v2\/types\/page"}],"author":[{"embeddable":true,"href":"https:\/\/k-market-nagu.fi\/fi\/wp-json\/wp\/v2\/users\/1"}],"replies":[{"embeddable":true,"href":"https:\/\/k-market-nagu.fi\/fi\/wp-json\/wp\/v2\/comments?post=54"}],"version-history":[{"count":0,"href":"https:\/\/k-market-nagu.fi\/fi\/wp-json\/wp\/v2\/pages\/54\/revisions"}],"wp:featuredmedia":[{"embeddable":true,"href":"https:\/\/k-market-nagu.fi\/fi\/wp-json\/wp\/v2\/media\/794"}],"wp:attachment":[{"href":"https:\/\/k-market-nagu.fi\/fi\/wp-json\/wp\/v2\/media?parent=54"}],"curies":[{"name":"wp","href":"https:\/\/api.w.org\/{rel}","templated":true}]}}