{"id":6,"date":"2013-10-03T09:50:52","date_gmt":"2013-10-03T06:50:52","guid":{"rendered":"http:\/\/k-market-nagu.fi\/kmn2013\/?page_id=6"},"modified":"2023-10-25T10:35:23","modified_gmt":"2023-10-25T07:35:23","slug":"etusivu","status":"publish","type":"page","link":"https:\/\/k-market-nagu.fi\/fi\/","title":{"rendered":"K-Market Nauvo"},"content":{"rendered":"\n<div class=\"wp-block-uagb-container uagb-block-54d589a6 alignfull uagb-is-root-container\"><div class=\"uagb-container-inner-blocks-wrap\">\n<h1 class=\"wp-block-heading\">Suuretkin mittasuhteet t\u00e4ytt\u00e4v\u00e4 l\u00e4hikauppasi<\/h1>\n\n\n\n<p>Olemme suuretkin mittasuhteet t\u00e4ytt\u00e4v\u00e4 l\u00e4hikauppasi saaristossa. Muutama vuosi sitten toimme K-ketjun l\u00e4helle sinua, samoilla eduilla, yst\u00e4v\u00e4llisell\u00e4 palvelulla ja laajalla valikoimalla, kuin mantereellakin. Kauppias J\u00f6rgen pit\u00e4\u00e4 huolen siit\u00e4, ett\u00e4 hyllymme ovat t\u00e4ynn\u00e4 niin paikallista l\u00e4hiruokaa, kuin my\u00f6s suosittuja ja laadukkaita Pirkka-tuotteita. Lis\u00e4ksi paistamme ja grillaamme itse, ja kiireiselle kokille meill\u00e4 on tarjota laaja valikoima valmisruokia.&#13;\nOlemme moderni ja trendik\u00e4s K-marketti turvallisen ja l\u00e4heisen l\u00e4hikaupan vaatteissa. K\u00e4y ihmeess\u00e4 tutustumassa valikoimiimme, \u00e4l\u00e4k\u00e4 unohda erikoistarjouksiamme!<\/p>\n<\/div><\/div>\n\n<div class=\"wp-block-uagb-container uagb-block-90c8ffd9 alignfull uagb-is-root-container\"><div class=\"uagb-container-inner-blocks-wrap\">\n<div class=\"wp-block-uagb-container uagb-block-8739cea6\">\n<div class=\"wp-block-uagb-info-box uagb-block-cdfe5292 uagb-infobox__content-wrap  uagb-infobox-icon-above-title uagb-infobox-image-valign-top\"><div class=\"uagb-ifb-content\"><div class=\"uagb-ifb-icon-wrap\"><svg xmlns=\"https:\/\/www.w3.org\/2000\/svg\" viewbox=\"0 0 640 512\"><path d=\"M0 488V171.3C0 145.2 15.93 121.6 40.23 111.9L308.1 4.753C315.7 1.702 324.3 1.702 331.9 4.753L599.8 111.9C624.1 121.6 640 145.2 640 171.3V488C640 501.3 629.3 512 616 512H568C554.7 512 544 501.3 544 488V223.1C544 206.3 529.7 191.1 512 191.1H128C110.3 191.1 96 206.3 96 223.1V488C96 501.3 85.25 512 72 512H24C10.75 512 0 501.3 0 488zM152 512C138.7 512 128 501.3 128 488V432H512V488C512 501.3 501.3 512 488 512H152zM128 336H512V400H128V336zM128 224H512V304H128V224z\"><\/path><\/svg><\/div><div class=\"uagb-ifb-title-wrap\"><h3 class=\"uagb-ifb-title\">Valikoima<\/h3><\/div><p class=\"uagb-ifb-desc\">Meill\u00e4 on laaja valikoima sek\u00e4 tuotteita ett\u00e4 palveluita, ja kehit\u00e4mme ja uudistamme valikoimaamme jatkuvasti.<\/p><div class=\"uagb-ifb-button-wrapper wp-block-button\"><a href=\"https:\/\/k-market-nagu.fi\/fi\/kauppa\/\" class=\"uagb-infobox-cta-link wp-block-button__link\" target=\"_self\" rel=\"noopener noreferrer\" onclick=\"return true;\" alt=\"\"><span class=\"uagb-inline-editing\">Meid\u00e4n valikoima<\/span><svg xmlns=\"https:\/\/www.w3.org\/2000\/svg\" viewbox=\"0 0 512 512\"><path d=\"M504.3 273.6l-112.1 104c-6.992 6.484-17.18 8.218-25.94 4.406c-8.758-3.812-14.42-12.45-14.42-21.1L351.9 288H32C14.33 288 .0002 273.7 .0002 255.1S14.33 224 32 224h319.9l0-72c0-9.547 5.66-18.19 14.42-22c8.754-3.809 18.95-2.075 25.94 4.41l112.1 104C514.6 247.9 514.6 264.1 504.3 273.6z\"><\/path><\/svg><\/a><\/div><\/div><\/div>\n<\/div>\n\n\n\n<div class=\"wp-block-uagb-container uagb-block-02bc0831\">\n<div class=\"wp-block-uagb-info-box uagb-block-d9c79768 uagb-infobox__content-wrap  uagb-infobox-icon-above-title uagb-infobox-image-valign-top\"><div class=\"uagb-ifb-content\"><div class=\"uagb-ifb-icon-wrap\"><svg xmlns=\"https:\/\/www.w3.org\/2000\/svg\" viewbox=\"0 0 576 512\"><path d=\"M495.5 223.2C491.6 223.7 487.6 224 483.4 224C457.4 224 434.2 212.6 418.3 195C402.4 212.6 379.2 224 353.1 224C327 224 303.8 212.6 287.9 195C272 212.6 248.9 224 222.7 224C196.7 224 173.5 212.6 157.6 195C141.7 212.6 118.5 224 92.36 224C88.3 224 84.21 223.7 80.24 223.2C24.92 215.8-1.255 150.6 28.33 103.8L85.66 13.13C90.76 4.979 99.87 0 109.6 0H466.4C476.1 0 485.2 4.978 490.3 13.13L547.6 103.8C577.3 150.7 551 215.8 495.5 223.2H495.5zM499.7 254.9C503.1 254.4 508 253.6 512 252.6V448C512 483.3 483.3 512 448 512H128C92.66 512 64 483.3 64 448V252.6C67.87 253.6 71.86 254.4 75.97 254.9L76.09 254.9C81.35 255.6 86.83 256 92.36 256C104.8 256 116.8 254.1 128 250.6V384H448V250.7C459.2 254.1 471.1 256 483.4 256C489 256 494.4 255.6 499.7 254.9L499.7 254.9z\"><\/path><\/svg><\/div><div class=\"uagb-ifb-title-wrap\"><h3 class=\"uagb-ifb-title\">Verkkokauppa<\/h3><\/div><p class=\"uagb-ifb-desc\">Verkkokaupan kautta voit tilata tuotteet joko kotiinkuljetuksella tai noutaa ne myym\u00e4l\u00e4st\u00e4.<br\/><a href=\"https:\/\/korpohandel.fi\/fi\/verkkokauppa\/\" target=\"_blank\" rel=\"noopener\"><\/a><\/p><div class=\"uagb-ifb-button-wrapper wp-block-button\"><a href=\"https:\/\/k-market-nagu.fi\/fi\/tavaratoimitukset\/\" class=\"uagb-infobox-cta-link wp-block-button__link\" target=\"_self\" rel=\"noopener noreferrer\" onclick=\"return true;\" alt=\"\"><span class=\"uagb-inline-editing\">Tilaa t\u00e4st\u00e4<\/span><svg xmlns=\"https:\/\/www.w3.org\/2000\/svg\" viewbox=\"0 0 512 512\"><path d=\"M504.3 273.6l-112.1 104c-6.992 6.484-17.18 8.218-25.94 4.406c-8.758-3.812-14.42-12.45-14.42-21.1L351.9 288H32C14.33 288 .0002 273.7 .0002 255.1S14.33 224 32 224h319.9l0-72c0-9.547 5.66-18.19 14.42-22c8.754-3.809 18.95-2.075 25.94 4.41l112.1 104C514.6 247.9 514.6 264.1 504.3 273.6z\"><\/path><\/svg><\/a><\/div><\/div><\/div>\n<\/div>\n\n\n\n<div class=\"wp-block-uagb-container uagb-block-a60d10f8\">\n<div class=\"wp-block-uagb-info-box uagb-block-2b80f6bd uagb-infobox__content-wrap  uagb-infobox-icon-above-title uagb-infobox-image-valign-top\"><div class=\"uagb-ifb-content\"><div class=\"uagb-ifb-icon-wrap\"><svg xmlns=\"https:\/\/www.w3.org\/2000\/svg\" viewbox=\"0 0 512 512\"><path d=\"M256 512C114.6 512 0 397.4 0 256C0 114.6 114.6 0 256 0C397.4 0 512 114.6 512 256C512 397.4 397.4 512 256 512zM232 256C232 264 236 271.5 242.7 275.1L338.7 339.1C349.7 347.3 364.6 344.3 371.1 333.3C379.3 322.3 376.3 307.4 365.3 300L280 243.2V120C280 106.7 269.3 96 255.1 96C242.7 96 231.1 106.7 231.1 120L232 256z\"><\/path><\/svg><\/div><div class=\"uagb-ifb-title-wrap\"><h3 class=\"uagb-ifb-title\">Aukioloajat<\/h3><\/div><p class=\"uagb-ifb-desc\">Aukioloaikamme vaihtelevat vuodenajasta riippuen, joten tarkkaile niit\u00e4 my\u00f6s juhlapyhin\u00e4 ja muina erikoisp\u00e4ivin\u00e4 t\u00e4\u00e4lt\u00e4.<br\/><a href=\"https:\/\/korpohandel.fi\/fi\/aukioloajat\/\" target=\"_blank\" rel=\"noopener\"><\/a><\/p><div class=\"uagb-ifb-button-wrapper wp-block-button\"><a href=\"https:\/\/k-market-nagu.fi\/fi\/aukioloajat\/\" class=\"uagb-infobox-cta-link wp-block-button__link\" target=\"_self\" rel=\"noopener noreferrer\" onclick=\"return true;\" alt=\"\"><span class=\"uagb-inline-editing\">Aukioloajamme<\/span><svg xmlns=\"https:\/\/www.w3.org\/2000\/svg\" viewbox=\"0 0 512 512\"><path d=\"M504.3 273.6l-112.1 104c-6.992 6.484-17.18 8.218-25.94 4.406c-8.758-3.812-14.42-12.45-14.42-21.1L351.9 288H32C14.33 288 .0002 273.7 .0002 255.1S14.33 224 32 224h319.9l0-72c0-9.547 5.66-18.19 14.42-22c8.754-3.809 18.95-2.075 25.94 4.41l112.1 104C514.6 247.9 514.6 264.1 504.3 273.6z\"><\/path><\/svg><\/a><\/div><\/div><\/div>\n<\/div>\n<\/div><\/div>\n\n<div class=\"wp-block-uagb-container uagb-block-0f7dcb2b alignfull uagb-is-root-container\"><div class=\"uagb-container-inner-blocks-wrap\">\n<h2 class=\"wp-block-heading\">L\u00e4hiruokaa saaristosta<\/h2>\n\n\n\n<p>Uskomme paikalliseen ja pienimuotoiseen. Kokeile l\u00e4hiherkkuja hyllyilt\u00e4mme, niin tied\u00e4t mist\u00e4 me puhumme! Tuoretta leip\u00e4\u00e4 Nauvosta ja Korppoosta ja maukasta kalaa Turunmaan ja Ahvenanmaan saaristosta. Kalahan tunnetusti maistuu kaikkein parhaimmalta tuoreena ja l\u00e4hialueelta kalastettuna \u2013 matkustaminen uuvuttaa kalankin! Vihanneksemme ja salaattimme saamme suoraan paikallisilta tuottajilta.<\/p>\n\n\n\n<h3 class=\"wp-block-heading\">Veneell\u00e4 kauppareissulle!<\/h3>\n\n\n\n<p>Saaristo ja kes\u00e4 kulkevat k\u00e4si k\u00e4dess\u00e4, eik\u00f6 totta? Ja kes\u00e4\u00e4nh\u00e4n kuuluu veneily. Jo j\u00e4iden l\u00e4hdetty\u00e4 ja aina syksyyn asti laiturimme aivan kaupan nurkan takana odottaa sinua ostoksille. Mik\u00e4s sen helpompaa, kuin omalla veneell\u00e4 tuleminen kaupan nurkalle?<\/p>\n<\/div><\/div>\n","protected":false},"excerpt":{"rendered":"<p>Suuretkin mittasuhteet t\u00e4ytt\u00e4v\u00e4 l\u00e4hikauppasi Olemme suuretkin mittasuhteet t\u00e4ytt\u00e4v\u00e4 l\u00e4hikauppasi saaristossa. Muutama vuosi sitten toimme K-ketjun l\u00e4helle sinua, samoilla eduilla, yst\u00e4v\u00e4llisell\u00e4 palvelulla ja laajalla valikoimalla, kuin mantereellakin. Kauppias J\u00f6rgen pit\u00e4\u00e4 huolen siit\u00e4, ett\u00e4 hyllymme ovat t\u00e4ynn\u00e4 niin paikallista l\u00e4hiruokaa, kuin my\u00f6s suosittuja ja laadukkaita Pirkka-tuotteita. Lis\u00e4ksi paistamme ja grillaamme itse, ja kiireiselle kokille meill\u00e4 on tarjota [&hellip;]<\/p>\n","protected":false},"author":1,"featured_media":663,"parent":0,"menu_order":0,"comment_status":"closed","ping_status":"closed","template":"","meta":{"_uag_custom_page_level_css":"","site-sidebar-layout":"no-sidebar","site-content-layout":"plain-container","ast-site-content-layout":"normal-width-container","site-content-style":"unboxed","site-sidebar-style":"unboxed","ast-global-header-display":"","ast-banner-title-visibility":"","ast-main-header-display":"","ast-hfb-above-header-display":"","ast-hfb-below-header-display":"","ast-hfb-mobile-header-display":"","site-post-title":"disabled","ast-breadcrumbs-content":"","ast-featured-img":"","footer-sml-layout":"","ast-disable-related-posts":"","theme-transparent-header-meta":"default","adv-header-id-meta":"","stick-header-meta":"default","header-above-stick-meta":"","header-main-stick-meta":"","header-below-stick-meta":"","astra-migrate-meta-layouts":"set","ast-page-background-enabled":"default","ast-page-background-meta":{"desktop":{"background-color":"","background-image":"","background-repeat":"repeat","background-position":"center center","background-size":"auto","background-attachment":"scroll","background-type":"","background-media":"","overlay-type":"","overlay-color":"","overlay-opacity":"","overlay-gradient":""},"tablet":{"background-color":"","background-image":"","background-repeat":"repeat","background-position":"center center","background-size":"auto","background-attachment":"scroll","background-type":"","background-media":"","overlay-type":"","overlay-color":"","overlay-opacity":"","overlay-gradient":""},"mobile":{"background-color":"","background-image":"","background-repeat":"repeat","background-position":"center center","background-size":"auto","background-attachment":"scroll","background-type":"","background-media":"","overlay-type":"","overlay-color":"","overlay-opacity":"","overlay-gradient":""}},"ast-content-background-meta":{"desktop":{"background-color":"var(--ast-global-color-5)","background-image":"","background-repeat":"repeat","background-position":"center center","background-size":"auto","background-attachment":"scroll","background-type":"","background-media":"","overlay-type":"","overlay-color":"","overlay-opacity":"","overlay-gradient":""},"tablet":{"background-color":"var(--ast-global-color-5)","background-image":"","background-repeat":"repeat","background-position":"center center","background-size":"auto","background-attachment":"scroll","background-type":"","background-media":"","overlay-type":"","overlay-color":"","overlay-opacity":"","overlay-gradient":""},"mobile":{"background-color":"var(--ast-global-color-5)","background-image":"","background-repeat":"repeat","background-position":"center center","background-size":"auto","background-attachment":"scroll","background-type":"","background-media":"","overlay-type":"","overlay-color":"","overlay-opacity":"","overlay-gradient":""}},"footnotes":""},"class_list":["post-6","page","type-page","status-publish","has-post-thumbnail","hentry"],"uagb_featured_image_src":{"full":["https:\/\/k-market-nagu.fi\/wp-content\/uploads\/2018\/10\/k-market-nagu-1.jpg",1140,480,false],"thumbnail":["https:\/\/k-market-nagu.fi\/wp-content\/uploads\/2018\/10\/k-market-nagu-1-150x150.jpg",150,150,true],"medium":["https:\/\/k-market-nagu.fi\/wp-content\/uploads\/2018\/10\/k-market-nagu-1-300x126.jpg",300,126,true],"medium_large":["https:\/\/k-market-nagu.fi\/wp-content\/uploads\/2018\/10\/k-market-nagu-1-768x323.jpg",768,323,true],"large":["https:\/\/k-market-nagu.fi\/wp-content\/uploads\/2018\/10\/k-market-nagu-1-1024x431.jpg",1024,431,true],"1536x1536":["https:\/\/k-market-nagu.fi\/wp-content\/uploads\/2018\/10\/k-market-nagu-1.jpg",1140,480,false],"2048x2048":["https:\/\/k-market-nagu.fi\/wp-content\/uploads\/2018\/10\/k-market-nagu-1.jpg",1140,480,false]},"uagb_author_info":{"display_name":"Frank","author_link":"https:\/\/k-market-nagu.fi\/fi\/author\/dzfrank\/"},"uagb_comment_info":0,"uagb_excerpt":"Suuretkin mittasuhteet t\u00e4ytt\u00e4v\u00e4 l\u00e4hikauppasi Olemme suuretkin mittasuhteet t\u00e4ytt\u00e4v\u00e4 l\u00e4hikauppasi saaristossa. Muutama vuosi sitten toimme K-ketjun l\u00e4helle sinua, samoilla eduilla, yst\u00e4v\u00e4llisell\u00e4 palvelulla ja laajalla valikoimalla, kuin mantereellakin. Kauppias J\u00f6rgen pit\u00e4\u00e4 huolen siit\u00e4, ett\u00e4 hyllymme ovat t\u00e4ynn\u00e4 niin paikallista l\u00e4hiruokaa, kuin my\u00f6s suosittuja ja laadukkaita Pirkka-tuotteita. Lis\u00e4ksi paistamme ja grillaamme itse, ja kiireiselle kokille meill\u00e4 on tarjota&hellip;","_links":{"self":[{"href":"https:\/\/k-market-nagu.fi\/fi\/wp-json\/wp\/v2\/pages\/6","targetHints":{"allow":["GET"]}}],"collection":[{"href":"https:\/\/k-market-nagu.fi\/fi\/wp-json\/wp\/v2\/pages"}],"about":[{"href":"https:\/\/k-market-nagu.fi\/fi\/wp-json\/wp\/v2\/types\/page"}],"author":[{"embeddable":true,"href":"https:\/\/k-market-nagu.fi\/fi\/wp-json\/wp\/v2\/users\/1"}],"replies":[{"embeddable":true,"href":"https:\/\/k-market-nagu.fi\/fi\/wp-json\/wp\/v2\/comments?post=6"}],"version-history":[{"count":0,"href":"https:\/\/k-market-nagu.fi\/fi\/wp-json\/wp\/v2\/pages\/6\/revisions"}],"wp:featuredmedia":[{"embeddable":true,"href":"https:\/\/k-market-nagu.fi\/fi\/wp-json\/wp\/v2\/media\/663"}],"wp:attachment":[{"href":"https:\/\/k-market-nagu.fi\/fi\/wp-json\/wp\/v2\/media?parent=6"}],"curies":[{"name":"wp","href":"https:\/\/api.w.org\/{rel}","templated":true}]}}